{"id":1849,"date":"2024-04-15T05:41:16","date_gmt":"2024-04-15T05:41:16","guid":{"rendered":"https:\/\/rojocomercial.net\/?page_id=1849"},"modified":"2025-03-13T23:29:01","modified_gmt":"2025-03-13T23:29:01","slug":"nosotros","status":"publish","type":"page","link":"https:\/\/rojocomercial.net\/index.php\/nosotros\/","title":{"rendered":"Nosotros"},"content":{"rendered":"\n<h5 class=\"wp-block-heading alignfull has-text-align-center has-accent-color has-text-color has-link-color wp-elements-7a078b9cd004fef87a764b3a6d87a17e\">Perm\u00edtenos presentarte al equipo de profesionales que dar\u00e1n forma a tu proyecto<\/h5>\n\n\n\n<p><\/p>\n\n\n\n<div class=\"wp-block-cover alignfull\" style=\"min-height:430px;aspect-ratio:unset;\"><span aria-hidden=\"true\" class=\"wp-block-cover__background has-primary-background-color has-background-dim-70 has-background-dim\"><\/span><video class=\"wp-block-cover__video-background intrinsic-ignore\" autoplay muted loop playsinline src=\"https:\/\/rojocomercial.net\/wp-content\/uploads\/2024\/04\/8964731-uhd_3840_2160_25fps.mp4\" style=\"object-position:52% 27%\" data-object-fit=\"cover\" data-object-position=\"52% 27%\"><\/video><div class=\"wp-block-cover__inner-container is-layout-constrained wp-block-cover-is-layout-constrained\">\n<h5 class=\"wp-block-heading alignfull\">Ro&amp;Jo Comercial es un equipo multidisciplinario  conformado por arquitectos, urbanistas, dise\u00f1adores e ingenieros cuyo trabajo es el de proveer proyectos integrales arquitect\u00f3nicos y urbanos a municipios de Jalisco que incrementen la calidad de vida del usuario en los sectores p\u00fablico y privado. Nos caracterizamos por mejorar el ciclo de vida de un proyecto en su totalidad, partiendo desde la idea conceptual hasta su ejecuci\u00f3n en obra a trav\u00e9s del manejo de control y planeaci\u00f3n de tiempo, costo y calidad del mismo, apeg\u00e1ndonos a los m\u00e1s altos est\u00e1ndares del mercado.<\/h5>\n<\/div><\/div>\n\n\n\n<div style=\"height:70px\" aria-hidden=\"true\" class=\"wp-block-spacer\"><\/div>\n\n\n\n<div class=\"wp-block-cover alignfull is-light\" style=\"min-height:541px;aspect-ratio:unset;\"><span aria-hidden=\"true\" class=\"wp-block-cover__background has-primary-background-color has-background-dim-40 has-background-dim\"><\/span><video class=\"wp-block-cover__video-background intrinsic-ignore\" autoplay muted loop playsinline src=\"blob:https:\/\/rojocomercial.net\/438358fa-7989-46e6-91d9-feb62a0d8577\" data-object-fit=\"cover\"><\/video><div class=\"wp-block-cover__inner-container is-layout-flow wp-block-cover-is-layout-flow\">\n<div class=\"wp-block-group alignfull\"><div class=\"wp-block-group__inner-container is-layout-constrained wp-block-group-is-layout-constrained\">\n<div class=\"wp-block-columns alignfull are-vertically-aligned-center has-background is-layout-flex wp-container-core-columns-is-layout-9d6595d7 wp-block-columns-is-layout-flex\" style=\"background-color:#00000059\">\n<div class=\"wp-block-column is-vertically-aligned-center is-layout-flow wp-block-column-is-layout-flow\" style=\"flex-basis:100%\">\n<div class=\"wp-block-group alignfull\"><div class=\"wp-block-group__inner-container is-layout-constrained wp-block-group-is-layout-constrained\">\n<div class=\"wp-block-columns alignfull are-vertically-aligned-center is-layout-flex wp-container-core-columns-is-layout-9d6595d7 wp-block-columns-is-layout-flex\">\n<div class=\"wp-block-column is-vertically-aligned-center is-layout-flow wp-block-column-is-layout-flow\" style=\"flex-basis:16.66%\">\n<h1 class=\"wp-block-heading alignfull has-text-align-center has-accent-color has-text-color has-link-color wp-elements-fde6cba26e4c9eb4e78d64e424996a6d\" style=\"font-size:50px\">Misi\u00f3n<\/h1>\n<\/div>\n\n\n\n<div class=\"wp-block-column is-vertically-aligned-center is-layout-flow wp-block-column-is-layout-flow\" style=\"flex-basis:33.34%\">\n<h5 class=\"wp-block-heading alignfull has-text-align-left has-background-color has-text-color has-link-color wp-elements-f08e3c1bcb6dc513fea58078e162f262\">Construir espacios necesarios para la poblaci\u00f3n, brindando opciones de obtenci\u00f3n de recursos a los municipios interesados, siempre proponiendo proyectos los cuales sean integrales, sustentables y con calidad.<\/h5>\n<\/div>\n\n\n\n<div class=\"wp-block-column is-vertically-aligned-center is-layout-flow wp-block-column-is-layout-flow\" style=\"flex-basis:25%\">\n<h1 class=\"wp-block-heading alignfull has-text-align-center has-accent-color has-text-color has-link-color wp-elements-6dc16267c08d10794f6e133ad645bd68\" style=\"font-size:63px\">Visi\u00f3n<\/h1>\n<\/div>\n\n\n\n<div class=\"wp-block-column is-vertically-aligned-center is-layout-flow wp-block-column-is-layout-flow\" style=\"flex-basis:25%\">\n<h5 class=\"wp-block-heading alignfull has-background-color has-text-color has-link-color wp-elements-268961487919276df543b022defb2b6a\">Ser una empresa competitiva l\u00edder en el mercado y socialmente responsable que potencialice su crecimiento y esto se vea reflejado en la rentabilidad de la misma, as\u00ed como en reconocimiento y prestigio a trav\u00e9s de la experiencia en su quehacer.<\/h5>\n<\/div>\n<\/div>\n<\/div><\/div>\n<\/div>\n<\/div>\n<\/div><\/div>\n<\/div><\/div>\n\n\n<div class=\"wp-block-image\">\n<figure class=\"alignleft size-large is-resized\"><img loading=\"lazy\" decoding=\"async\" width=\"1024\" height=\"503\" src=\"https:\/\/rojocomercial.net\/wp-content\/uploads\/2025\/03\/LOGO-1-1024x503.jpg\" alt=\"\" class=\"wp-image-2072\" style=\"width:207px;height:auto\" srcset=\"https:\/\/rojocomercial.net\/wp-content\/uploads\/2025\/03\/LOGO-1-1024x503.jpg 1024w, https:\/\/rojocomercial.net\/wp-content\/uploads\/2025\/03\/LOGO-1-300x147.jpg 300w, https:\/\/rojocomercial.net\/wp-content\/uploads\/2025\/03\/LOGO-1-768x377.jpg 768w, https:\/\/rojocomercial.net\/wp-content\/uploads\/2025\/03\/LOGO-1-1200x589.jpg 1200w, https:\/\/rojocomercial.net\/wp-content\/uploads\/2025\/03\/LOGO-1.jpg 1265w\" sizes=\"auto, (max-width: 1024px) 100vw, 1024px\" \/><\/figure>\n<\/div>\n\n\n<p><\/p>\n","protected":false},"excerpt":{"rendered":"<p>Perm\u00edtenos presentarte al equipo de profesionales que dar\u00e1n forma a tu proyecto<\/p>\n","protected":false},"author":1,"featured_media":0,"parent":0,"menu_order":0,"comment_status":"closed","ping_status":"closed","template":"","meta":{"footnotes":""},"class_list":["post-1849","page","type-page","status-publish","hentry"],"_links":{"self":[{"href":"https:\/\/rojocomercial.net\/index.php\/wp-json\/wp\/v2\/pages\/1849","targetHints":{"allow":["GET"]}}],"collection":[{"href":"https:\/\/rojocomercial.net\/index.php\/wp-json\/wp\/v2\/pages"}],"about":[{"href":"https:\/\/rojocomercial.net\/index.php\/wp-json\/wp\/v2\/types\/page"}],"author":[{"embeddable":true,"href":"https:\/\/rojocomercial.net\/index.php\/wp-json\/wp\/v2\/users\/1"}],"replies":[{"embeddable":true,"href":"https:\/\/rojocomercial.net\/index.php\/wp-json\/wp\/v2\/comments?post=1849"}],"version-history":[{"count":16,"href":"https:\/\/rojocomercial.net\/index.php\/wp-json\/wp\/v2\/pages\/1849\/revisions"}],"predecessor-version":[{"id":2073,"href":"https:\/\/rojocomercial.net\/index.php\/wp-json\/wp\/v2\/pages\/1849\/revisions\/2073"}],"wp:attachment":[{"href":"https:\/\/rojocomercial.net\/index.php\/wp-json\/wp\/v2\/media?parent=1849"}],"curies":[{"name":"wp","href":"https:\/\/api.w.org\/{rel}","templated":true}]}}