{"id":1876,"date":"2024-04-15T06:44:48","date_gmt":"2024-04-15T06:44:48","guid":{"rendered":"https:\/\/rojocomercial.net\/?page_id=1876"},"modified":"2024-05-12T04:55:45","modified_gmt":"2024-05-12T04:55:45","slug":"proyectos","status":"publish","type":"page","link":"https:\/\/rojocomercial.net\/index.php\/proyectos\/","title":{"rendered":"Proyectos"},"content":{"rendered":"\n<h1 class=\"wp-block-heading alignfull has-text-align-center has-accent-color has-text-color has-link-color wp-elements-c281277ab1695b19c1ca60fcedab2053\">Balizamiento<\/h1>\n\n\n\n<h5 class=\"wp-block-heading alignfull has-text-align-center\">Sistema de Control de Tr\u00e1fico, Nayarit 2022.<\/h5>\n\n\n\n<div class=\"wp-block-cover alignfull has-parallax\"><span aria-hidden=\"true\" class=\"wp-block-cover__background has-primary-background-color has-background-dim\"><\/span><div class=\"wp-block-cover__image-background wp-image-1880 has-parallax\" style=\"background-position:50% 50%;background-image:url(https:\/\/rojocomercial.net\/wp-content\/uploads\/2024\/04\/pexels-henry-co-2455166-scaled.jpg)\"><\/div><div class=\"wp-block-cover__inner-container is-layout-constrained wp-block-cover-is-layout-constrained\">\n<div class=\"wp-block-media-text alignfull is-stacked-on-mobile is-vertically-aligned-center\" style=\"grid-template-columns:62% auto\"><figure class=\"wp-block-media-text__media\"><img loading=\"lazy\" decoding=\"async\" width=\"1024\" height=\"680\" src=\"https:\/\/rojocomercial.net\/wp-content\/uploads\/2024\/04\/pexels-george-shervashidze-633966-1024x680.jpg\" alt=\"\" class=\"wp-image-1879 size-full\" srcset=\"https:\/\/rojocomercial.net\/wp-content\/uploads\/2024\/04\/pexels-george-shervashidze-633966-1024x680.jpg 1024w, https:\/\/rojocomercial.net\/wp-content\/uploads\/2024\/04\/pexels-george-shervashidze-633966-300x199.jpg 300w, https:\/\/rojocomercial.net\/wp-content\/uploads\/2024\/04\/pexels-george-shervashidze-633966-768x510.jpg 768w, https:\/\/rojocomercial.net\/wp-content\/uploads\/2024\/04\/pexels-george-shervashidze-633966-1536x1020.jpg 1536w, https:\/\/rojocomercial.net\/wp-content\/uploads\/2024\/04\/pexels-george-shervashidze-633966-2048x1360.jpg 2048w, https:\/\/rojocomercial.net\/wp-content\/uploads\/2024\/04\/pexels-george-shervashidze-633966-1200x797.jpg 1200w, https:\/\/rojocomercial.net\/wp-content\/uploads\/2024\/04\/pexels-george-shervashidze-633966-1980x1315.jpg 1980w\" sizes=\"auto, (max-width: 1024px) 100vw, 1024px\" \/><\/figure><div class=\"wp-block-media-text__content\">\n<h2 class=\"wp-block-heading has-text-align-center has-larger-font-size\">Modernizaci\u00f3n del Sistema de Control de Tr\u00e1fico<\/h2>\n\n\n\n<h4 class=\"wp-block-heading has-text-align-center has-background-color has-text-color has-link-color wp-elements-36b18d34b305e7d5ff6ed8ea19a57937\">Bah\u00eda de Banderas<\/h4>\n\n\n\n<p><\/p>\n<\/div><\/div>\n<\/div><\/div>\n\n\n\n<div style=\"height:90px\" aria-hidden=\"true\" class=\"wp-block-spacer\"><\/div>\n\n\n\n<h1 class=\"wp-block-heading alignfull has-text-align-center has-accent-color has-text-color has-link-color wp-elements-e93c29447afbbb4aa25725aa0efbcc36\">Mercado Municipal<\/h1>\n\n\n\n<h5 class=\"wp-block-heading alignfull has-text-align-center\">Ixtlahuac\u00e1n del R\u00edo 2022<\/h5>\n\n\n\n<div class=\"wp-block-cover alignfull is-light\" style=\"min-height:606px;aspect-ratio:unset;\"><span aria-hidden=\"true\" class=\"wp-block-cover__background has-primary-background-color has-background-dim\"><\/span><video class=\"wp-block-cover__video-background intrinsic-ignore\" autoplay muted loop playsinline src=\"https:\/\/rojocomercial.net\/wp-content\/uploads\/2024\/04\/8447058-hd_1920_1080_24fps.mp4\" data-object-fit=\"cover\"><\/video><div class=\"wp-block-cover__inner-container is-layout-constrained wp-block-cover-is-layout-constrained\">\n<h2 class=\"wp-block-heading alignfull has-text-align-center has-background-color has-text-color has-link-color wp-elements-61bbc5f715cdab4a2ac30035a6efcaed\" style=\"font-size:36px\">Construcci\u00f3n de la segunda etapa del Mercado Municipal de Ixtlahuac\u00e1n del R\u00edo.<\/h2>\n\n\n\n<div class=\"wp-block-columns alignfull are-vertically-aligned-center has-background is-layout-flex wp-container-core-columns-is-layout-9d6595d7 wp-block-columns-is-layout-flex\" style=\"background-color:#0000007d\">\n<div class=\"wp-block-column is-vertically-aligned-center is-layout-flow wp-block-column-is-layout-flow\">\n<figure class=\"wp-block-image size-full\"><img loading=\"lazy\" decoding=\"async\" width=\"678\" height=\"531\" src=\"https:\/\/rojocomercial.net\/wp-content\/uploads\/2024\/05\/IXTLAHUACAN.png\" alt=\"\" class=\"wp-image-1982\" srcset=\"https:\/\/rojocomercial.net\/wp-content\/uploads\/2024\/05\/IXTLAHUACAN.png 678w, https:\/\/rojocomercial.net\/wp-content\/uploads\/2024\/05\/IXTLAHUACAN-300x235.png 300w\" sizes=\"auto, (max-width: 678px) 100vw, 678px\" \/><\/figure>\n<\/div>\n\n\n\n<div class=\"wp-block-column is-vertically-aligned-center is-layout-flow wp-block-column-is-layout-flow\">\n<figure class=\"wp-block-image size-full\"><img loading=\"lazy\" decoding=\"async\" width=\"687\" height=\"531\" src=\"https:\/\/rojocomercial.net\/wp-content\/uploads\/2024\/05\/IXTLAHUACAN2.png\" alt=\"\" class=\"wp-image-1983\" srcset=\"https:\/\/rojocomercial.net\/wp-content\/uploads\/2024\/05\/IXTLAHUACAN2.png 687w, https:\/\/rojocomercial.net\/wp-content\/uploads\/2024\/05\/IXTLAHUACAN2-300x232.png 300w\" sizes=\"auto, (max-width: 687px) 100vw, 687px\" \/><\/figure>\n<\/div>\n<\/div>\n<\/div><\/div>\n\n\n\n<div style=\"height:90px\" aria-hidden=\"true\" class=\"wp-block-spacer\"><\/div>\n\n\n\n<h1 class=\"wp-block-heading alignfull has-text-align-center has-accent-color has-text-color has-link-color wp-elements-143bfe5ce3d673aa626a2df11a3f82c6\">Renovaci\u00f3n Expo Guadalajara<\/h1>\n\n\n\n<div class=\"wp-block-cover alignfull\"><span aria-hidden=\"true\" class=\"wp-block-cover__background has-primary-background-color has-background-dim-70 has-background-dim\"><\/span><video class=\"wp-block-cover__video-background intrinsic-ignore\" autoplay muted loop playsinline src=\"https:\/\/rojocomercial.net\/wp-content\/uploads\/2024\/04\/1105181_1080p_Purchase_Device_1280x720.mp4\" data-object-fit=\"cover\"><\/video><div class=\"wp-block-cover__inner-container is-layout-constrained wp-block-cover-is-layout-constrained\">\n<div class=\"wp-block-columns alignfull are-vertically-aligned-center has-background is-layout-flex wp-container-core-columns-is-layout-9d6595d7 wp-block-columns-is-layout-flex\" style=\"background-color:#0000005c\">\n<div class=\"wp-block-column is-vertically-aligned-center has-background is-layout-flow wp-block-column-is-layout-flow\" style=\"background-color:#00000085;flex-basis:66.66%\">\n<figure class=\"wp-block-image size-large\"><img loading=\"lazy\" decoding=\"async\" width=\"1024\" height=\"618\" src=\"https:\/\/rojocomercial.net\/wp-content\/uploads\/2024\/04\/Expo-Guadalajara-2-1160x700-1-1024x618.webp\" alt=\"\" class=\"wp-image-1964\" srcset=\"https:\/\/rojocomercial.net\/wp-content\/uploads\/2024\/04\/Expo-Guadalajara-2-1160x700-1-1024x618.webp 1024w, https:\/\/rojocomercial.net\/wp-content\/uploads\/2024\/04\/Expo-Guadalajara-2-1160x700-1-300x181.webp 300w, https:\/\/rojocomercial.net\/wp-content\/uploads\/2024\/04\/Expo-Guadalajara-2-1160x700-1-768x463.webp 768w, https:\/\/rojocomercial.net\/wp-content\/uploads\/2024\/04\/Expo-Guadalajara-2-1160x700-1.webp 1160w\" sizes=\"auto, (max-width: 1024px) 100vw, 1024px\" \/><\/figure>\n<\/div>\n\n\n\n<div class=\"wp-block-column is-vertically-aligned-center is-layout-flow wp-block-column-is-layout-flow\" style=\"flex-basis:33.33%\">\n<h5 class=\"wp-block-heading\">Colocaci\u00f3n de elevador con instalaci\u00f3n el\u00e9ctrica y elaboraci\u00f3n de muro para cuneta.<\/h5>\n<\/div>\n<\/div>\n<\/div><\/div>\n\n\n\n<div style=\"height:90px\" aria-hidden=\"true\" class=\"wp-block-spacer\"><\/div>\n\n\n\n<h1 class=\"wp-block-heading alignfull has-text-align-center has-accent-color has-text-color has-link-color wp-elements-6141ee433f0e7e586b5a74fc35ace050\">Calle Sierra Madre<\/h1>\n\n\n\n<h4 class=\"wp-block-heading alignfull has-text-align-center\">Ixtlahuac\u00e1n del R\u00edo<\/h4>\n\n\n\n<div class=\"wp-block-cover alignfull\" style=\"min-height:100vh;aspect-ratio:unset;\"><span aria-hidden=\"true\" class=\"wp-block-cover__background has-primary-background-color has-background-dim-70 has-background-dim\"><\/span><video class=\"wp-block-cover__video-background intrinsic-ignore\" autoplay muted loop playsinline src=\"https:\/\/rojocomercial.net\/wp-content\/uploads\/2024\/04\/4458740-uhd_3840_2160_30fps.mp4\" data-object-fit=\"cover\"><\/video><div class=\"wp-block-cover__inner-container is-layout-constrained wp-block-cover-is-layout-constrained\">\n<div class=\"wp-block-columns alignfull are-vertically-aligned-center has-background is-layout-flex wp-container-core-columns-is-layout-9d6595d7 wp-block-columns-is-layout-flex\" style=\"background-color:#00000099\">\n<div class=\"wp-block-column is-vertically-aligned-center is-layout-flow wp-block-column-is-layout-flow\" style=\"flex-basis:66.66%\">\n<figure class=\"wp-block-image alignwide size-full\"><img loading=\"lazy\" decoding=\"async\" width=\"1024\" height=\"768\" src=\"https:\/\/rojocomercial.net\/wp-content\/uploads\/2024\/04\/Ct9VwHeUsAAXFKJ.jpg\" alt=\"\" class=\"wp-image-1969\" srcset=\"https:\/\/rojocomercial.net\/wp-content\/uploads\/2024\/04\/Ct9VwHeUsAAXFKJ.jpg 1024w, https:\/\/rojocomercial.net\/wp-content\/uploads\/2024\/04\/Ct9VwHeUsAAXFKJ-300x225.jpg 300w, https:\/\/rojocomercial.net\/wp-content\/uploads\/2024\/04\/Ct9VwHeUsAAXFKJ-768x576.jpg 768w\" sizes=\"auto, (max-width: 1024px) 100vw, 1024px\" \/><\/figure>\n<\/div>\n\n\n\n<div class=\"wp-block-column is-vertically-aligned-center is-layout-flow wp-block-column-is-layout-flow\" style=\"flex-basis:33.33%\">\n<h5 class=\"wp-block-heading alignfull\">Pavimentaci\u00f3n con empedrado ahogado en concreto hidr\u00e1ulico, banquetas, sustituci\u00f3n de red de agua potable y drenaje, en la  calle Sierra Madre entre calle Jorullo y calle Popocat\u00e9petl en la cabecera municipal de Ixtlahuac\u00e1n del R\u00edo, Jalisco.<\/h5>\n<\/div>\n<\/div>\n<\/div><\/div>\n\n\n\n<div style=\"height:90px\" aria-hidden=\"true\" class=\"wp-block-spacer\"><\/div>\n\n\n\n<h1 class=\"wp-block-heading alignfull has-text-align-center has-accent-color has-text-color has-link-color wp-elements-b55b185fc80bfb9fce6626b7c3d9a890\">Ingreso Principal a Cabecera Municipal<\/h1>\n\n\n\n<h4 class=\"wp-block-heading alignfull has-text-align-center has-primary-color has-text-color has-link-color wp-elements-6e7279efb732583718ad97fb3b5840f8\">Acatl\u00e1n de Ju\u00e1rez, Jalisco. <\/h4>\n\n\n\n<div class=\"wp-block-cover alignfull is-light\"><span aria-hidden=\"true\" class=\"wp-block-cover__background has-primary-background-color has-background-dim\"><\/span><video class=\"wp-block-cover__video-background intrinsic-ignore\" autoplay muted loop playsinline src=\"https:\/\/rojocomercial.net\/wp-content\/uploads\/2024\/04\/1108221_1080p_Pines_Valley_1280x720.mp4\" style=\"object-position:50% 79%\" data-object-fit=\"cover\" data-object-position=\"50% 79%\"><\/video><div class=\"wp-block-cover__inner-container is-layout-constrained wp-block-cover-is-layout-constrained\">\n<div class=\"wp-block-columns alignfull has-background is-layout-flex wp-container-core-columns-is-layout-9d6595d7 wp-block-columns-is-layout-flex\" style=\"background-color:#00000073\">\n<div class=\"wp-block-column is-layout-flow wp-block-column-is-layout-flow\" style=\"flex-basis:66.66%\">\n<figure class=\"wp-block-image size-large\"><img loading=\"lazy\" decoding=\"async\" width=\"1024\" height=\"768\" src=\"https:\/\/rojocomercial.net\/wp-content\/uploads\/2024\/04\/Acatlan_de_Juarez_Jalisco-1024x768.jpg\" alt=\"\" class=\"wp-image-1976\" srcset=\"https:\/\/rojocomercial.net\/wp-content\/uploads\/2024\/04\/Acatlan_de_Juarez_Jalisco-1024x768.jpg 1024w, https:\/\/rojocomercial.net\/wp-content\/uploads\/2024\/04\/Acatlan_de_Juarez_Jalisco-300x225.jpg 300w, https:\/\/rojocomercial.net\/wp-content\/uploads\/2024\/04\/Acatlan_de_Juarez_Jalisco-768x576.jpg 768w, https:\/\/rojocomercial.net\/wp-content\/uploads\/2024\/04\/Acatlan_de_Juarez_Jalisco-1536x1152.jpg 1536w, https:\/\/rojocomercial.net\/wp-content\/uploads\/2024\/04\/Acatlan_de_Juarez_Jalisco-1200x900.jpg 1200w, https:\/\/rojocomercial.net\/wp-content\/uploads\/2024\/04\/Acatlan_de_Juarez_Jalisco-1980x1485.jpg 1980w, https:\/\/rojocomercial.net\/wp-content\/uploads\/2024\/04\/Acatlan_de_Juarez_Jalisco.jpg 1984w\" sizes=\"auto, (max-width: 1024px) 100vw, 1024px\" \/><\/figure>\n<\/div>\n\n\n\n<div class=\"wp-block-column is-vertically-aligned-center is-layout-flow wp-block-column-is-layout-flow\" style=\"flex-basis:33.33%\">\n<h5 class=\"wp-block-heading alignfull has-background-color has-text-color has-link-color wp-elements-b3c6f1984afa3d75dede8d9530c5daf3\">Ingreso principal a la cabecera municipal de Acatl\u00e1n de Ju\u00e1rez, Jalisco calle L\u00f3pez Mateos del cadenamiento 1020 al 1310 con el entronque de la carretera federal no. 80 Guadalajara-Barra de Navidad.<\/h5>\n<\/div>\n<\/div>\n<\/div><\/div>\n\n\n\n<h1 class=\"wp-block-heading alignfull has-text-align-center has-accent-color has-text-color has-link-color wp-elements-83508e3422636493ad79f54f5b8e4fc5\">Vallarta<\/h1>\n\n\n\n<h4 class=\"wp-block-heading alignfull has-text-align-center has-primary-color has-text-color has-link-color wp-elements-993e540f8b1d2759b082d24ba7578fb1\">Rehabilitaci\u00f3n, pintura, mantenimiento de mobiliario, pasamanos e iluminaci\u00f3n del Muelle los Muertos<\/h4>\n\n\n\n<div class=\"wp-block-cover alignfull has-parallax\"><span aria-hidden=\"true\" class=\"wp-block-cover__background has-primary-background-color has-background-dim-60 has-background-dim\"><\/span><div class=\"wp-block-cover__image-background wp-image-1988 has-parallax\" style=\"background-position:50% 50%;background-image:url(https:\/\/rojocomercial.net\/wp-content\/uploads\/2024\/05\/muelle-los-muertos-1.jpg)\"><\/div><div class=\"wp-block-cover__inner-container is-layout-constrained wp-block-cover-is-layout-constrained\">\n<div class=\"wp-block-columns alignfull are-vertically-aligned-center is-layout-flex wp-container-core-columns-is-layout-9d6595d7 wp-block-columns-is-layout-flex\">\n<div class=\"wp-block-column is-vertically-aligned-center is-layout-flow wp-block-column-is-layout-flow\">\n<figure class=\"wp-block-image alignfull size-full\"><img loading=\"lazy\" decoding=\"async\" width=\"489\" height=\"683\" src=\"https:\/\/rojocomercial.net\/wp-content\/uploads\/2024\/05\/VALLARTA1.png\" alt=\"\" class=\"wp-image-1991\" srcset=\"https:\/\/rojocomercial.net\/wp-content\/uploads\/2024\/05\/VALLARTA1.png 489w, https:\/\/rojocomercial.net\/wp-content\/uploads\/2024\/05\/VALLARTA1-215x300.png 215w\" sizes=\"auto, (max-width: 489px) 100vw, 489px\" \/><\/figure>\n<\/div>\n\n\n\n<div class=\"wp-block-column is-vertically-aligned-center is-layout-flow wp-block-column-is-layout-flow\">\n<figure class=\"wp-block-image alignfull size-full\"><img loading=\"lazy\" decoding=\"async\" width=\"495\" height=\"694\" src=\"https:\/\/rojocomercial.net\/wp-content\/uploads\/2024\/05\/VALLARTA2.png\" alt=\"\" class=\"wp-image-1992\" srcset=\"https:\/\/rojocomercial.net\/wp-content\/uploads\/2024\/05\/VALLARTA2.png 495w, https:\/\/rojocomercial.net\/wp-content\/uploads\/2024\/05\/VALLARTA2-214x300.png 214w\" sizes=\"auto, (max-width: 495px) 100vw, 495px\" \/><\/figure>\n<\/div>\n\n\n\n<div class=\"wp-block-column is-vertically-aligned-center is-layout-flow wp-block-column-is-layout-flow\">\n<figure class=\"wp-block-image size-full\"><img loading=\"lazy\" decoding=\"async\" width=\"462\" height=\"706\" src=\"https:\/\/rojocomercial.net\/wp-content\/uploads\/2024\/05\/VALLARTA3.png\" alt=\"\" class=\"wp-image-1993\" srcset=\"https:\/\/rojocomercial.net\/wp-content\/uploads\/2024\/05\/VALLARTA3.png 462w, https:\/\/rojocomercial.net\/wp-content\/uploads\/2024\/05\/VALLARTA3-196x300.png 196w\" sizes=\"auto, (max-width: 462px) 100vw, 462px\" \/><\/figure>\n<\/div>\n<\/div>\n<\/div><\/div>\n\n\n\n<h1 class=\"wp-block-heading alignfull has-text-align-center has-accent-color has-text-color has-link-color wp-elements-136a8c020fd134eaf65f1295f8286f67\">INFEJAL<\/h1>\n\n\n\n<h4 class=\"wp-block-heading alignfull has-text-align-center has-primary-color has-text-color has-link-color wp-elements-3923d9b5eaf2653612eb446371b55a4d\">Construcci\u00f3n de cafeter\u00eda, muro-reja perimetral, obras de accesibilidad, andador y obra exterior en el COBAEJ NO.10<\/h4>\n\n\n\n<div class=\"wp-block-cover alignfull has-parallax\"><span aria-hidden=\"true\" class=\"wp-block-cover__background has-primary-background-color has-background-dim-60 has-background-dim\"><\/span><div class=\"wp-block-cover__image-background wp-image-1997 has-parallax\" style=\"background-position:50% 50%;background-image:url(https:\/\/rojocomercial.net\/wp-content\/uploads\/2024\/05\/COBAEJ.jpeg)\"><\/div><div class=\"wp-block-cover__inner-container is-layout-constrained wp-block-cover-is-layout-constrained\">\n<div class=\"wp-block-columns alignfull are-vertically-aligned-center is-layout-flex wp-container-core-columns-is-layout-9d6595d7 wp-block-columns-is-layout-flex\">\n<div class=\"wp-block-column is-vertically-aligned-center is-layout-flow wp-block-column-is-layout-flow\">\n<figure class=\"wp-block-image size-full\"><img loading=\"lazy\" decoding=\"async\" width=\"708\" height=\"525\" src=\"https:\/\/rojocomercial.net\/wp-content\/uploads\/2024\/05\/INFEJAL1.png\" alt=\"\" class=\"wp-image-1998\" srcset=\"https:\/\/rojocomercial.net\/wp-content\/uploads\/2024\/05\/INFEJAL1.png 708w, https:\/\/rojocomercial.net\/wp-content\/uploads\/2024\/05\/INFEJAL1-300x222.png 300w\" sizes=\"auto, (max-width: 708px) 100vw, 708px\" \/><\/figure>\n<\/div>\n\n\n\n<div class=\"wp-block-column is-vertically-aligned-center is-layout-flow wp-block-column-is-layout-flow\">\n<figure class=\"wp-block-image size-full\"><img loading=\"lazy\" decoding=\"async\" width=\"702\" height=\"519\" src=\"https:\/\/rojocomercial.net\/wp-content\/uploads\/2024\/05\/INFEJAL2.png\" alt=\"\" class=\"wp-image-1999\" srcset=\"https:\/\/rojocomercial.net\/wp-content\/uploads\/2024\/05\/INFEJAL2.png 702w, https:\/\/rojocomercial.net\/wp-content\/uploads\/2024\/05\/INFEJAL2-300x222.png 300w\" sizes=\"auto, (max-width: 702px) 100vw, 702px\" \/><\/figure>\n<\/div>\n<\/div>\n\n\n\n<h4 class=\"wp-block-heading alignwide has-text-align-center\">Localidad de San Sebasti\u00e1n El Grande, Municipio de Tlajomulco de Z\u00fa\u00f1iga, Jalisco.<\/h4>\n<\/div><\/div>\n\n\n\n<h1 class=\"wp-block-heading alignfull has-text-align-center has-accent-color has-text-color has-link-color wp-elements-9d8f03768a99851fc3ef2f37fd024b80\">Perforaci\u00f3n de Pozo<\/h1>\n\n\n\n<h4 class=\"wp-block-heading alignfull has-text-align-center has-primary-color has-text-color has-link-color wp-elements-de8ef9bcbec45bc03552af850f58c5db\">Puerto Vallarta<\/h4>\n\n\n\n<div class=\"wp-block-cover alignfull has-parallax\"><span aria-hidden=\"true\" class=\"wp-block-cover__background has-primary-background-color has-background-dim-60 has-background-dim\"><\/span><div class=\"wp-block-cover__image-background wp-image-2001 has-parallax\" style=\"background-position:50% 50%;background-image:url(https:\/\/rojocomercial.net\/wp-content\/uploads\/2024\/05\/SEAPAL.jpg)\"><\/div><div class=\"wp-block-cover__inner-container is-layout-constrained wp-block-cover-is-layout-constrained\">\n<div class=\"wp-block-columns alignfull are-vertically-aligned-center is-layout-flex wp-container-core-columns-is-layout-9d6595d7 wp-block-columns-is-layout-flex\">\n<div class=\"wp-block-column is-vertically-aligned-center is-layout-flow wp-block-column-is-layout-flow\">\n<figure class=\"wp-block-image size-full\"><img loading=\"lazy\" decoding=\"async\" width=\"690\" height=\"513\" src=\"https:\/\/rojocomercial.net\/wp-content\/uploads\/2024\/05\/POZO-V1.png\" alt=\"\" class=\"wp-image-2002\" srcset=\"https:\/\/rojocomercial.net\/wp-content\/uploads\/2024\/05\/POZO-V1.png 690w, https:\/\/rojocomercial.net\/wp-content\/uploads\/2024\/05\/POZO-V1-300x223.png 300w\" sizes=\"auto, (max-width: 690px) 100vw, 690px\" \/><\/figure>\n<\/div>\n\n\n\n<div class=\"wp-block-column is-vertically-aligned-center is-layout-flow wp-block-column-is-layout-flow\">\n<figure class=\"wp-block-image size-full\"><img loading=\"lazy\" decoding=\"async\" width=\"702\" height=\"528\" src=\"https:\/\/rojocomercial.net\/wp-content\/uploads\/2024\/05\/POZO-V2.png\" alt=\"\" class=\"wp-image-2003\" srcset=\"https:\/\/rojocomercial.net\/wp-content\/uploads\/2024\/05\/POZO-V2.png 702w, https:\/\/rojocomercial.net\/wp-content\/uploads\/2024\/05\/POZO-V2-300x226.png 300w\" sizes=\"auto, (max-width: 702px) 100vw, 702px\" \/><\/figure>\n<\/div>\n\n\n\n<div class=\"wp-block-column is-vertically-aligned-center is-layout-flow wp-block-column-is-layout-flow\">\n<figure class=\"wp-block-image alignfull size-full\"><img loading=\"lazy\" decoding=\"async\" width=\"705\" height=\"392\" src=\"https:\/\/rojocomercial.net\/wp-content\/uploads\/2024\/05\/POZO-V3.png\" alt=\"\" class=\"wp-image-2005\" srcset=\"https:\/\/rojocomercial.net\/wp-content\/uploads\/2024\/05\/POZO-V3.png 705w, https:\/\/rojocomercial.net\/wp-content\/uploads\/2024\/05\/POZO-V3-300x167.png 300w\" sizes=\"auto, (max-width: 705px) 100vw, 705px\" \/><\/figure>\n<\/div>\n<\/div>\n<\/div><\/div>\n\n\n\n<h1 class=\"wp-block-heading alignfull has-text-align-center has-accent-color has-text-color has-link-color wp-elements-bf88bd84d822ecc362ada2b799f7dac5\">Yolanda Castilleros<\/h1>\n\n\n\n<h4 class=\"wp-block-heading alignfull has-text-align-center has-primary-color has-text-color has-link-color wp-elements-0cf40fa2cc907c764cace3022e654166\">\u00a0Construcci\u00f3n de pavimentaci\u00f3n con concreto hidr\u00e1ulico, adoqu\u00edn banquetas y machuelos, red sanitaria y red hidr\u00e1ulica.<\/h4>\n\n\n\n<div class=\"wp-block-cover alignfull has-parallax\" style=\"min-height:100vh;aspect-ratio:unset;\"><span aria-hidden=\"true\" class=\"wp-block-cover__background has-primary-background-color has-background-dim-60 has-background-dim\"><\/span><div class=\"wp-block-cover__image-background wp-image-2010 has-parallax\" style=\"background-position:50% 50%;background-image:url(https:\/\/rojocomercial.net\/wp-content\/uploads\/2024\/05\/YOLANDA-2.jpeg)\"><\/div><div class=\"wp-block-cover__inner-container is-layout-constrained wp-block-cover-is-layout-constrained\">\n<h3 class=\"wp-block-heading alignfull has-text-align-center has-large-font-size\">Calle Yolanda Castilleros en el Municipio de Acatl\u00e1n de Ju\u00e1rez, Jalisco.<\/h3>\n\n\n\n<div class=\"wp-block-columns alignfull are-vertically-aligned-center is-layout-flex wp-container-core-columns-is-layout-9d6595d7 wp-block-columns-is-layout-flex\">\n<div class=\"wp-block-column is-vertically-aligned-center is-layout-flow wp-block-column-is-layout-flow\">\n<figure class=\"wp-block-image size-full\"><img loading=\"lazy\" decoding=\"async\" width=\"684\" height=\"448\" src=\"https:\/\/rojocomercial.net\/wp-content\/uploads\/2024\/05\/YOLANDA3.png\" alt=\"\" class=\"wp-image-2013\" srcset=\"https:\/\/rojocomercial.net\/wp-content\/uploads\/2024\/05\/YOLANDA3.png 684w, https:\/\/rojocomercial.net\/wp-content\/uploads\/2024\/05\/YOLANDA3-300x196.png 300w\" sizes=\"auto, (max-width: 684px) 100vw, 684px\" \/><\/figure>\n<\/div>\n\n\n\n<div class=\"wp-block-column is-vertically-aligned-center is-layout-flow wp-block-column-is-layout-flow\">\n<figure class=\"wp-block-image size-full\"><img loading=\"lazy\" decoding=\"async\" width=\"678\" height=\"451\" src=\"https:\/\/rojocomercial.net\/wp-content\/uploads\/2024\/05\/YOLANDA2.png\" alt=\"\" class=\"wp-image-2012\" srcset=\"https:\/\/rojocomercial.net\/wp-content\/uploads\/2024\/05\/YOLANDA2.png 678w, https:\/\/rojocomercial.net\/wp-content\/uploads\/2024\/05\/YOLANDA2-300x200.png 300w\" sizes=\"auto, (max-width: 678px) 100vw, 678px\" \/><\/figure>\n<\/div>\n\n\n\n<div class=\"wp-block-column is-vertically-aligned-center is-layout-flow wp-block-column-is-layout-flow\">\n<figure class=\"wp-block-image size-full\"><img loading=\"lazy\" decoding=\"async\" width=\"678\" height=\"433\" src=\"https:\/\/rojocomercial.net\/wp-content\/uploads\/2024\/05\/YOLANDA1.png\" alt=\"\" class=\"wp-image-2011\" srcset=\"https:\/\/rojocomercial.net\/wp-content\/uploads\/2024\/05\/YOLANDA1.png 678w, https:\/\/rojocomercial.net\/wp-content\/uploads\/2024\/05\/YOLANDA1-300x192.png 300w\" sizes=\"auto, (max-width: 678px) 100vw, 678px\" \/><\/figure>\n<\/div>\n<\/div>\n<\/div><\/div>\n","protected":false},"excerpt":{"rendered":"<p>Balizamiento Sistema de Control de Tr\u00e1fico, Nayarit 2022. Mercado Municipal Ixtlahuac\u00e1n del R\u00edo 2022 Renovaci\u00f3n Expo Guadalajara Calle Sierra Madre Ixtlahuac\u00e1n del R\u00edo Ingreso Principal a Cabecera Municipal Acatl\u00e1n de Ju\u00e1rez, Jalisco. Vallarta Rehabilitaci\u00f3n, pintura, mantenimiento de mobiliario, pasamanos e iluminaci\u00f3n del Muelle los Muertos INFEJAL Construcci\u00f3n de cafeter\u00eda, muro-reja perimetral, obras de accesibilidad, andador [&hellip;]<\/p>\n","protected":false},"author":1,"featured_media":0,"parent":0,"menu_order":0,"comment_status":"closed","ping_status":"closed","template":"","meta":{"footnotes":""},"class_list":["post-1876","page","type-page","status-publish","hentry"],"_links":{"self":[{"href":"https:\/\/rojocomercial.net\/index.php\/wp-json\/wp\/v2\/pages\/1876","targetHints":{"allow":["GET"]}}],"collection":[{"href":"https:\/\/rojocomercial.net\/index.php\/wp-json\/wp\/v2\/pages"}],"about":[{"href":"https:\/\/rojocomercial.net\/index.php\/wp-json\/wp\/v2\/types\/page"}],"author":[{"embeddable":true,"href":"https:\/\/rojocomercial.net\/index.php\/wp-json\/wp\/v2\/users\/1"}],"replies":[{"embeddable":true,"href":"https:\/\/rojocomercial.net\/index.php\/wp-json\/wp\/v2\/comments?post=1876"}],"version-history":[{"count":26,"href":"https:\/\/rojocomercial.net\/index.php\/wp-json\/wp\/v2\/pages\/1876\/revisions"}],"predecessor-version":[{"id":2015,"href":"https:\/\/rojocomercial.net\/index.php\/wp-json\/wp\/v2\/pages\/1876\/revisions\/2015"}],"wp:attachment":[{"href":"https:\/\/rojocomercial.net\/index.php\/wp-json\/wp\/v2\/media?parent=1876"}],"curies":[{"name":"wp","href":"https:\/\/api.w.org\/{rel}","templated":true}]}}